{"id":53,"date":"2023-08-29T08:47:37","date_gmt":"2023-08-29T06:47:37","guid":{"rendered":"https:\/\/www.cv-wonsheim.de\/\/?page_id=53"},"modified":"2024-01-16T13:09:27","modified_gmt":"2024-01-16T12:09:27","slug":"datenschutz","status":"publish","type":"page","link":"https:\/\/www.cv-wonsheim.de\/?page_id=53","title":{"rendered":"Datenschutz"},"content":{"rendered":"\n<h2 class=\"wp-block-heading\">Datenschutzerkl\u00e4rung Carnevalverein 1914 Wonsheim e.V.<\/h2>\n\n\n\n<p>Stand&nbsp;12.12.2020<\/p>\n\n\n\n<h3 class=\"wp-block-heading\">Einleitung<\/h3>\n\n\n\n<p>Wir, der Carnevalverein 1914 Wonsheim e.V. nehmen den Schutz personenbezogener Daten und damit eingeschlossen auch die Betroffenenrechte sehr ernst.<\/p>\n\n\n\n<p>Mit diesen Erl\u00e4uterungen zum Datenschutz m\u00f6chten wir Sie dar\u00fcber informieren,&nbsp;<\/p>\n\n\n\n<ul class=\"wp-block-list\">\n<li>welche personenbezogenen Daten wir beim Besuch unserer Webseite und<\/li>\n\n\n\n<li>beim Ausf\u00fcllen unserer Onlineformulare oder<\/li>\n\n\n\n<li>unserer Kontaktformulare speichern und&nbsp;<\/li>\n\n\n\n<li>zu welchen Zwecken wir diese Daten verwenden und&nbsp;<\/li>\n\n\n\n<li>welche Rechte Ihnen in diesem Zusammenhang zustehen.<\/li>\n<\/ul>\n\n\n\n<p>Wir kontrollieren regelm\u00e4\u00dfig die internen Prozesse sowie die technischen und organisatorischen Ma\u00dfnahmen, um zu gew\u00e4hrleisten, dass die Verarbeitung in seinem Verantwortungsbereich im Einklang mit den Anforderungen des geltenden Datenschutzrechts erfolgt und der Schutz der Rechte der betroffenen Person gew\u00e4hrleistet wird.&nbsp;<\/p>\n\n\n\n<h3 class=\"wp-block-heading\">Verantwortlicher<\/h3>\n\n\n\n<p>Der Carnevalvereine 1914 Wonsheim e.V. betreibt die vorliegende Webseite und ist Verantwortlicher f\u00fcr die Verarbeitung personenbezogener Daten gem\u00e4\u00df Datenschutzgrundverordnung. Die Erhebung, Verarbeitung und Nutzung Ihrer personenbezogenen Daten erfolgt in \u00dcbereinstimmung mit den geltenden deutschen und europ\u00e4ischen gesetzlichen Vorschriften.&nbsp;<\/p>\n\n\n\n<p>Carnevalverein 1914 Wonsheim e.V.<br>Heike Niehues<br>1. Vorsitzende<br>Neugasse 6<br>55599 Wonsheim<br>E-Mail:&nbsp;info@cv-wonsheim.de<\/p>\n\n\n\n<h3 class=\"wp-block-heading\">Betroffenenrechte<\/h3>\n\n\n\n<p>Als betroffene Person haben Sie nach Art. 15 ff. DSGVO folgende Rechte:<\/p>\n\n\n\n<p>Wir geben Ihnen gerne Auskunft \u00fcber die von Ihnen gespeicherten Daten. Zus\u00e4tzlich k\u00f6nnen Sie jederzeit die Berichtigung, L\u00f6schung, Sperrung oder \u00dcbertragung Ihrer Daten bei uns verlangen. Weiterhin k\u00f6nnen Sie sich an die Aufsichtsbeh\u00f6rde wenden.&nbsp;<\/p>\n\n\n\n<h3 class=\"wp-block-heading\">Widerruf<\/h3>\n\n\n\n<p>Abgegebene Einwilligungen k\u00f6nnen Sie jederzeit widerrufen. Der Widerruf kann ohne Angaben von Gr\u00fcnden, formlos und mit Wirkung f\u00fcr die Zukunft geschehen soweit dem keine gesetzliche Aufbewahrungspflicht entgegensteht.<\/p>\n\n\n\n<h3 class=\"wp-block-heading\">Website<\/h3>\n\n\n\n<p>Wenn Sie unsere Webseite besuchen, speichern unsere Webserver standardm\u00e4\u00dfig und tempor\u00e4r folgende Daten:<\/p>\n\n\n\n<ul class=\"wp-block-list\">\n<li>IP-Adresse des anfragenden Rechners<\/li>\n\n\n\n<li>Datum und Uhrzeit Ihres Besuches<\/li>\n\n\n\n<li>Name und URL der abgerufenen Datei<\/li>\n\n\n\n<li>Website, von der aus der Zugriff erfolgt (Referrer-URL)<\/li>\n\n\n\n<li>verwendeter Browser und ggf. das Betriebssystem Ihres Rechners sowie&nbsp;<\/li>\n<\/ul>\n\n\n\n<p>Die vorgenannten Daten werden ebenfalls in sog. Logfiles auf unseren Servern gespeichert. Eine Speicherung dieser Daten zusammen mit anderen personenbezogenen Daten von Ihnen findet nicht statt. Die Erhebung und vor\u00fcbergehende Speicherung der IP-Adresse ist notwendig, um die Darstellung unserer Webseite auf Ihrem Endger\u00e4t zu erm\u00f6glichen. Hierf\u00fcr muss Ihre IP-Adresse f\u00fcr die Dauer des Besuchs unserer Webseite gespeichert werden. Die Speicherung in Logfiles dient der Sicherstellung der Funktionsf\u00e4higkeit und Optimierung unserer Webseite sowie zur Sicherstellung der Sicherheit unserer informationstechnischen Systeme. Eine Auswertung dieser Daten zu Marketingzwecken findet nicht statt.<\/p>\n\n\n\n<p>Dies geschieht aufgrund von Art. 6 Abs.1 Buchstabe f der DSGVO.<\/p>\n\n\n\n<p>Die vorstehenden Daten zur Bereitstellung unserer Website werden gel\u00f6scht, wenn die jeweilige Sitzung beendet ist. Die Erhebung der vorstehenden Daten zur Bereitstellung unserer Webseite und die Speicherung dieser Daten in Logfiles ist f\u00fcr den Betrieb unserer Website zwingend erforderlich. Es besteht keine Widerspruchsm\u00f6glichkeit.<\/p>\n\n\n\n<h3 class=\"wp-block-heading\">Cookies<\/h3>\n\n\n\n<p>Diese Website verwendet Cookies. Cookies sind verschl\u00fcsselte Textfolgen, die eine Website auf dem Computer des Benutzers \/ der Benutzerin speichern.<\/p>\n\n\n\n<p>Cookies erm\u00f6glichen es diesen Internetauftritt an Ihre Bed\u00fcrfnisse anzupassen. Zus\u00e4tzlich werden Cookies verwendet, um auf dieser Internetseite die Nutzung verschiedener Seiten zu messen.<\/p>\n\n\n\n<p>Die Arten von Cookies werden als \u201eSession-Cookies\u201c und \u201ePersistent-Cookies\u201c bezeichnet. Session-Cookies sind tempor\u00e4r und werden automatisch gel\u00f6scht, sobald Sie den Internetauftritt verlassen. Alle mit diesen Cookies erhobenen Informationen sind anonym und erlauben keinen R\u00fcckschluss auf die Person des Besuchers.<\/p>\n\n\n\n<p>Persistent-Cookies verbleiben auf der Festplatte Ihres Computers bis Sie diese l\u00f6schen. Die Cookies werden nicht benutzt um Daten \u00fcber Ihre Besuche auf anderen Seiten einzuholen. Cookies besch\u00e4digen oder beeintr\u00e4chtigen die Funktionsweise Ihres Computer, Ihrer Programme oder Dateien nicht.<\/p>\n\n\n\n<h3 class=\"wp-block-heading\">Kontaktaufnahme<\/h3>\n\n\n\n<p>Wenn Sie mit uns per E-Mail Kontakt aufnehmen, werden die von Ihnen an uns mit Ihrer E-Mail \u00fcbermittelten personenbezogenen Daten gespeichert.<\/p>\n\n\n\n<p>Zudem halten wir auf unserer Webseite ein Kontaktformular vor, mit dem Sie Kontakt zu uns aufnehmen k\u00f6nnen. Dabei werden die von Ihnen in die Eingabemaske eingegebenen Daten an uns \u00fcbermittelt und gespeichert.<\/p>\n\n\n\n<p>Diese Daten sind:<\/p>\n\n\n\n<ul class=\"wp-block-list\">\n<li>Vorname, Nachname<\/li>\n\n\n\n<li>E-Mail Adresse<\/li>\n\n\n\n<li>Ihre Mitteilung an uns<\/li>\n<\/ul>\n\n\n\n<p>Zus\u00e4tzlich erfassen wir den Zeitpunkt der Absendung. Eine Weitergabe dieser Daten an Dritte erfolgt nicht. Die Verarbeitung der vorstehenden personenbezogenen Daten dient allein zur Bearbeitung Ihrer Anfragen. Hierin liegt auch unser berechtigtes Interesse an der Verarbeitung Ihrer personenbezogenen Daten.<\/p>\n\n\n\n<p>Zum Schutz der \u00dcbertragung vertraulicher Inhalte werden die Daten mit SSL verschl\u00fcsselt. Eine verschl\u00fcsselte Verbindung erkennen Sie daran, dass in der Adresszeile des Browsers \u201chttps:\/\/\u201d vor der Adresse steht und an dem Schloss-Symbol in Ihrer Browserzeile.<\/p>\n\n\n\n<p>Die Daten werden gel\u00f6scht, sobald wir Ihre Anfragen abschlie\u00dfend bearbeitet haben.<\/p>\n\n\n\n<p>Sie k\u00f6nnen die uns erteilte Einwilligung zur Verarbeitung Ihrer personenbezogenen Daten jederzeit widerrufen. Bei einer Kontaktaufnahme per E-Mail k\u00f6nnen Sie der Speicherung Ihrer personenbezogenen Daten jederzeit widersprechen. Wir weisen Sie darauf hin, dass in diesem Fall Ihre Anfrage nicht weiter bearbeitet werden kann. Den Widerruf oder den Widerspruch k\u00f6nnen Sie durch \u00dcbersendung einer E-Mail an unsere im Impressum angegebene E-Mailadresse erkl\u00e4ren.<\/p>\n\n\n\n<h3 class=\"wp-block-heading\">Reservierungen und Bestellungen<\/h3>\n\n\n\n<p>Wir bieten Ihnen die M\u00f6glichkeit online Eintrittskarten zu reservieren oder im Rahmen von Aktionen diverse Sachleistungen oder Dienstleistungen zu bestellen. Dabei werden die von Ihnen eingegebenen und \u00fcbermittelten Daten von uns gespeichert.<\/p>\n\n\n\n<p>Diese Daten sind:<\/p>\n\n\n\n<p>Vorname, Nachname<br>Stra\u00dfe, Hausnummer<br>PLZ und Ort<br>E-Mail Adresse<br>Telefonnummer und Faxnummer<br>Ihre Mitteilung an uns<br>Angaben zu den von Ihnen gew\u00fcnschten Karten, Sach- oder Dienstleistungen<\/p>\n\n\n\n<p>Eine Weitergabe dieser Daten an Dritte erfolgt nicht. Die Verarbeitung der vorstehenden personenbezogenen Daten dient zur Bearbeitung Ihrer Reservierung und erfolgt auf Grundlage des Art. 6 Abs. 1 lit. b (Durchf\u00fchrung Bestellvorg\u00e4nge) und c (Gesetzlich erforderliche Archivierung) DSGVO. Die Daten werden gel\u00f6scht sobald der Zweck der Speicherung entfallen ist und gesetzliche Speicherfristen dem L\u00f6schen nicht entgegenstehen.<\/p>\n\n\n\n<h3 class=\"wp-block-heading\">\u00dcbermittlung an Drittstaaten<\/h3>\n\n\n\n<p>Alle aus unseren Onlineformularen gewonnenen Daten werden innerhalb Deutschlands bearbeitet und unterliegen dem deutschen und europ\u00e4ischen Datenschutzrecht. Es erfolgt keine \u00dcbermittlung an Drittstaaten, die Verarbeitung der Daten findet ausschlie\u00dflich in Deutschland statt.&nbsp;<\/p>\n\n\n\n<h3 class=\"wp-block-heading\">Online-Anmeldung zu den Umz\u00fcgen<\/h3>\n\n\n\n<p>F\u00fcr die Anmeldung zu den vom Carnevalverein 1914 Wonsheim e.V. organisierten Umz\u00fcgen setzen wir ein Onlineformular ein. Mit diesem Formular werden folgende personenbezogenen Daten erfasst<\/p>\n\n\n\n<ul class=\"wp-block-list\">\n<li>Daten des teilnehmenden Vereins bzw. der Garde<\/li>\n\n\n\n<li>Daten des Ansprechpartners im Verein bzw. der Garde inklusive Kontaktdaten (Telefonnummer, email-Adresse)<\/li>\n\n\n\n<li>Wenn erforderlich, Name und Geburtsdatum des Fahrers eines Zugwagens<\/li>\n\n\n\n<li>Versicherungsdaten \u00fcber eine abgeschlossene Haftpflichtversicherung<\/li>\n<\/ul>\n\n\n\n<p>Die Verarbeitung der Daten erfolgt auf Grundlage des Art. 6 Abs. 1 lit. b, c und f DSGVO. Die Daten offenbaren wir gegen\u00fcber Dritten nur im Rahmen der Zugorganisation und im Rahmen der gesetzlichen Pflichten gegen\u00fcber den Beh\u00f6rden.&nbsp;<\/p>\n\n\n\n<p>Des Weiteren speichern wir Ihre Email-Adresse um Sie im darauf folgenden Jahr \u00fcber den Beginn der Anmeldung zu den Umz\u00fcgen des CVW zu informieren. Der Speicherung zu diesem Verwendungszweck k\u00f6nnen Sie jederzeit widersprechen.<\/p>\n\n\n\n<p>Zum Schutz der \u00dcbertragung vertraulicher Inhalte werden die Daten mit SSL verschl\u00fcsselt. Eine verschl\u00fcsselte Verbindung erkennen Sie daran, dass in der Adresszeile des Browsers \u201chttps:\/\/\u201d vor der Adresse steht und an dem Schloss-Symbol in Ihrer Browserzeile.<\/p>\n\n\n\n<h3 class=\"wp-block-heading\">Onlinepr\u00e4senzen in sozialen Medien<\/h3>\n\n\n\n<p>Wir unterhalten Onlinepr\u00e4senzen innerhalb sozialer Netzwerke und Plattformen, um mit den dort aktiven Kunden, Interessenten und Nutzern kommunizieren und sie dort \u00fcber unsere Leistungen informieren zu k\u00f6nnen. Beim Aufruf der jeweiligen Netzwerke und Plattformen gelten die Gesch\u00e4ftsbedingungen und die Datenverarbeitungsrichtlinien deren jeweiligen Betreiber.&nbsp;<\/p>\n\n\n\n<p>Soweit nicht anders im Rahmen unserer Datenschutzerkl\u00e4rung angegeben, verarbeiten wir die Daten der Nutzer sofern diese mit uns innerhalb der sozialen Netzwerke und Plattformen kommunizieren, z.B. Beitr\u00e4ge auf unseren Onlinepr\u00e4senzen verfassen oder uns Nachrichten zusenden.<\/p>\n\n\n\n<h3 class=\"wp-block-heading\">Weblinks<\/h3>\n\n\n\n<p>Unsere Webseiten enthalten Links zu Webseiten anderer Anbieter (&#8222;externe Links&#8220;), auf die sich diese Datenschutzerkl\u00e4rung nicht erstreckt. Diese Webseiten unterliegen der Haftung der jeweiligen Seitenbetreiber.&nbsp;<\/p>\n\n\n\n<p>Bei Verkn\u00fcpfung der externen Links waren keine Rechtsverst\u00f6\u00dfe ersichtlich. Auf die aktuelle und k\u00fcnftige Gestaltung der verlinkten Seiten hat der Anbieter keinen Einfluss. Die permanente \u00dcberpr\u00fcfung der externen Links ist f\u00fcr den Anbieter ohne konkrete Hinweise auf Rechtsverst\u00f6\u00dfe nicht zumutbar. Bei Bekanntwerden von Rechtsverst\u00f6\u00dfen werden die betroffenen externen Links unverz\u00fcglich gel\u00f6scht.<\/p>\n\n\n\n<h3 class=\"wp-block-heading\">Einsatz von Matomo<\/h3>\n\n\n\n<p>Wir nutzen den Analysedienst Matomo auf unserer Webseite. \u00dcber kleine Textdateien (Cookies) werden Daten dar\u00fcber gespeichert, wie und mit welchem Browser\/System du unsere Webseite nutzt, worunter auch die IP-Adresse f\u00e4llt. Deine IP-Adresse wird bei diesem Vorgang umgehend anonymisiert, so dass du als Nutzer f\u00fcr uns anonym bleibst. Bist du nicht mit der Analyse deines Nutzungsverhaltens einverstanden, kannst du jederzeit deinen Browser so einstellen, dass kein Cookie gesetzt werden kann (Widerspruch). Der Widerspruch wird in Form eines Opt-Out-Cookies abgelegt. Wenn du deine Cookies l\u00f6schst, wird auch das Opt-Out-Cookie gel\u00f6scht. Das bedeutet, dass das Opt-Out-Cookie von dir erneut aktiviert werden muss.<\/p>\n\n\n\n<p id=\"matomo_opted_out_intro\" style=\"display:none;\">Opt-out complete; your visits to this website will not be recorded by the Web Analytics tool. Note that if you clear your cookies, delete the opt-out cookie, or if you change computers or Web browsers, you will need to perform the opt-out procedure again.<\/p><p id=\"matomo_opted_in_intro\" >You may choose to prevent this website from aggregating and analyzing the actions you take here. Doing so will protect your privacy, but will also prevent the owner from learning from your actions and creating a better experience for you and other users.<\/p><form>\n        <input type=\"checkbox\" id=\"matomo_optout_checkbox\" checked=\"checked\"\/>\n        <label for=\"matomo_optout_checkbox\"><strong>\n        <span id=\"matomo_opted_in_label\" >You are not opted out. Uncheck this box to opt-out.<\/span>\n\t\t<span id=\"matomo_opted_out_label\" style=\"display:none;\">You are currently opted out. Check this box to opt-in.<\/span>\n        <\/strong><\/label><\/form><noscript><p><strong style=\"color: #ff0000;\">This opt out feature requires JavaScript.<\/strong><\/p><\/noscript><p id=\"matomo_outout_err_cookies\" style=\"display: none;\"><strong>The tracking opt-out feature requires cookies to be enabled.<\/strong><\/p>\n","protected":false},"excerpt":{"rendered":"<p>Datenschutzerkl\u00e4rung Carnevalverein 1914 Wonsheim e.V. Stand&nbsp;12.12.2020 Einleitung Wir, der Carnevalverein 1914 Wonsheim e.V. nehmen den Schutz personenbezogener Daten und damit eingeschlossen auch die Betroffenenrechte sehr ernst. Mit diesen Erl\u00e4uterungen zum Datenschutz m\u00f6chten wir Sie dar\u00fcber informieren,&nbsp; Wir kontrollieren regelm\u00e4\u00dfig die internen Prozesse sowie die technischen und organisatorischen Ma\u00dfnahmen, um zu gew\u00e4hrleisten, dass die Verarbeitung in &hellip;<\/p>\n","protected":false},"author":1,"featured_media":0,"parent":0,"menu_order":0,"comment_status":"closed","ping_status":"closed","template":"","meta":{"footnotes":""},"class_list":["post-53","page","type-page","status-publish","hentry"],"_links":{"self":[{"href":"https:\/\/www.cv-wonsheim.de\/index.php?rest_route=\/wp\/v2\/pages\/53","targetHints":{"allow":["GET"]}}],"collection":[{"href":"https:\/\/www.cv-wonsheim.de\/index.php?rest_route=\/wp\/v2\/pages"}],"about":[{"href":"https:\/\/www.cv-wonsheim.de\/index.php?rest_route=\/wp\/v2\/types\/page"}],"author":[{"embeddable":true,"href":"https:\/\/www.cv-wonsheim.de\/index.php?rest_route=\/wp\/v2\/users\/1"}],"replies":[{"embeddable":true,"href":"https:\/\/www.cv-wonsheim.de\/index.php?rest_route=%2Fwp%2Fv2%2Fcomments&post=53"}],"version-history":[{"count":4,"href":"https:\/\/www.cv-wonsheim.de\/index.php?rest_route=\/wp\/v2\/pages\/53\/revisions"}],"predecessor-version":[{"id":343,"href":"https:\/\/www.cv-wonsheim.de\/index.php?rest_route=\/wp\/v2\/pages\/53\/revisions\/343"}],"wp:attachment":[{"href":"https:\/\/www.cv-wonsheim.de\/index.php?rest_route=%2Fwp%2Fv2%2Fmedia&parent=53"}],"curies":[{"name":"wp","href":"https:\/\/api.w.org\/{rel}","templated":true}]}}