{"id":27,"date":"2023-08-28T16:00:45","date_gmt":"2023-08-28T14:00:45","guid":{"rendered":"https:\/\/www.cv-wonsheim.de\/\/?page_id=27"},"modified":"2023-09-01T12:29:59","modified_gmt":"2023-09-01T10:29:59","slug":"vorstand","status":"publish","type":"page","link":"https:\/\/www.cv-wonsheim.de\/?page_id=27","title":{"rendered":"Vorstand"},"content":{"rendered":"\n<figure class=\"wp-block-image size-large\"><img loading=\"lazy\" decoding=\"async\" width=\"1024\" height=\"576\" src=\"https:\/\/www.cv-wonsheim.de\/\/wp-content\/uploads\/2023\/08\/vorstand_2023-1024x576.jpg\" alt=\"\" class=\"wp-image-169\" srcset=\"https:\/\/www.cv-wonsheim.de\/wp-content\/uploads\/2023\/08\/vorstand_2023-1024x576.jpg 1024w, https:\/\/www.cv-wonsheim.de\/wp-content\/uploads\/2023\/08\/vorstand_2023-300x169.jpg 300w, https:\/\/www.cv-wonsheim.de\/wp-content\/uploads\/2023\/08\/vorstand_2023-768x432.jpg 768w, https:\/\/www.cv-wonsheim.de\/wp-content\/uploads\/2023\/08\/vorstand_2023-1536x864.jpg 1536w, https:\/\/www.cv-wonsheim.de\/wp-content\/uploads\/2023\/08\/vorstand_2023-676x380.jpg 676w, https:\/\/www.cv-wonsheim.de\/wp-content\/uploads\/2023\/08\/vorstand_2023.jpg 1600w\" sizes=\"auto, (max-width: 1024px) 100vw, 1024px\" \/><\/figure>\n\n\n\n<div class=\"wp-block-columns is-layout-flex wp-container-core-columns-is-layout-9d6595d7 wp-block-columns-is-layout-flex\">\n<div class=\"wp-block-column is-layout-flow wp-block-column-is-layout-flow\">\n<div class=\"wp-block-columns is-layout-flex wp-container-core-columns-is-layout-9d6595d7 wp-block-columns-is-layout-flex\">\n<div class=\"wp-block-column is-layout-flow wp-block-column-is-layout-flow\" style=\"flex-basis:33.33%\">\n<figure class=\"wp-block-image size-full\"><img loading=\"lazy\" decoding=\"async\" width=\"250\" height=\"375\" src=\"https:\/\/www.cv-wonsheim.de\/\/wp-content\/uploads\/2023\/08\/hn.jpg\" alt=\"Heike Niehues\" class=\"wp-image-171\" srcset=\"https:\/\/www.cv-wonsheim.de\/wp-content\/uploads\/2023\/08\/hn.jpg 250w, https:\/\/www.cv-wonsheim.de\/wp-content\/uploads\/2023\/08\/hn-200x300.jpg 200w\" sizes=\"auto, (max-width: 250px) 100vw, 250px\" \/><\/figure>\n<\/div>\n\n\n\n<div class=\"wp-block-column is-layout-flow wp-block-column-is-layout-flow\" style=\"flex-basis:66.66%\">\n<p>Heike Niehues<\/p>\n\n\n\n<h6 class=\"wp-block-heading has-small-font-size\" style=\"font-style:normal;font-weight:100\">1. Vorsitzende<\/h6>\n<\/div>\n<\/div>\n<\/div>\n\n\n\n<div class=\"wp-block-column is-layout-flow wp-block-column-is-layout-flow\">\n<div class=\"wp-block-columns is-layout-flex wp-container-core-columns-is-layout-9d6595d7 wp-block-columns-is-layout-flex\">\n<div class=\"wp-block-column is-layout-flow wp-block-column-is-layout-flow\" style=\"flex-basis:33.33%\">\n<figure class=\"wp-block-image size-full\"><img loading=\"lazy\" decoding=\"async\" width=\"250\" height=\"375\" src=\"https:\/\/www.cv-wonsheim.de\/\/wp-content\/uploads\/2023\/08\/ke.jpg\" alt=\"\" class=\"wp-image-172\" srcset=\"https:\/\/www.cv-wonsheim.de\/wp-content\/uploads\/2023\/08\/ke.jpg 250w, https:\/\/www.cv-wonsheim.de\/wp-content\/uploads\/2023\/08\/ke-200x300.jpg 200w\" sizes=\"auto, (max-width: 250px) 100vw, 250px\" \/><\/figure>\n<\/div>\n\n\n\n<div class=\"wp-block-column is-layout-flow wp-block-column-is-layout-flow\" style=\"flex-basis:66.66%\">\n<p class=\"has-regular-font-size\">Karsten Emrich<\/p>\n\n\n\n<h6 class=\"wp-block-heading has-small-font-size\" style=\"font-style:normal;font-weight:100\">2. Vorsitzender<\/h6>\n<\/div>\n<\/div>\n<\/div>\n<\/div>\n\n\n\n<div class=\"wp-block-columns is-layout-flex wp-container-core-columns-is-layout-9d6595d7 wp-block-columns-is-layout-flex\">\n<div class=\"wp-block-column is-layout-flow wp-block-column-is-layout-flow\">\n<div class=\"wp-block-columns is-layout-flex wp-container-core-columns-is-layout-9d6595d7 wp-block-columns-is-layout-flex\">\n<div class=\"wp-block-column is-layout-flow wp-block-column-is-layout-flow\" style=\"flex-basis:33.33%\">\n<figure class=\"wp-block-image size-full\"><img loading=\"lazy\" decoding=\"async\" width=\"250\" height=\"375\" src=\"https:\/\/www.cv-wonsheim.de\/\/wp-content\/uploads\/2023\/08\/jk.jpg\" alt=\"\" class=\"wp-image-173\" srcset=\"https:\/\/www.cv-wonsheim.de\/wp-content\/uploads\/2023\/08\/jk.jpg 250w, https:\/\/www.cv-wonsheim.de\/wp-content\/uploads\/2023\/08\/jk-200x300.jpg 200w\" sizes=\"auto, (max-width: 250px) 100vw, 250px\" \/><\/figure>\n<\/div>\n\n\n\n<div class=\"wp-block-column is-layout-flow wp-block-column-is-layout-flow\" style=\"flex-basis:66.66%\">\n<p>Judith Klein<\/p>\n\n\n\n<h6 class=\"wp-block-heading has-small-font-size\" style=\"font-style:normal;font-weight:100\">1. Schriftf\u00fchrerin<\/h6>\n<\/div>\n<\/div>\n<\/div>\n\n\n\n<div class=\"wp-block-column is-layout-flow wp-block-column-is-layout-flow\">\n<div class=\"wp-block-columns is-layout-flex wp-container-core-columns-is-layout-9d6595d7 wp-block-columns-is-layout-flex\">\n<div class=\"wp-block-column is-layout-flow wp-block-column-is-layout-flow\" style=\"flex-basis:33.33%\">\n<figure class=\"wp-block-image size-full\"><img loading=\"lazy\" decoding=\"async\" width=\"250\" height=\"375\" src=\"https:\/\/www.cv-wonsheim.de\/\/wp-content\/uploads\/2023\/08\/EMS.jpg\" alt=\"\" class=\"wp-image-174\" srcset=\"https:\/\/www.cv-wonsheim.de\/wp-content\/uploads\/2023\/08\/EMS.jpg 250w, https:\/\/www.cv-wonsheim.de\/wp-content\/uploads\/2023\/08\/EMS-200x300.jpg 200w\" sizes=\"auto, (max-width: 250px) 100vw, 250px\" \/><\/figure>\n<\/div>\n\n\n\n<div class=\"wp-block-column is-layout-flow wp-block-column-is-layout-flow\" style=\"flex-basis:66.66%\">\n<p>Eva-Maria Schweitzer<\/p>\n\n\n\n<h6 class=\"wp-block-heading has-small-font-size\" style=\"font-style:normal;font-weight:100\">2. Schriftf\u00fchrerin<\/h6>\n<\/div>\n<\/div>\n<\/div>\n<\/div>\n\n\n\n<div class=\"wp-block-columns is-layout-flex wp-container-core-columns-is-layout-9d6595d7 wp-block-columns-is-layout-flex\">\n<div class=\"wp-block-column is-layout-flow wp-block-column-is-layout-flow\">\n<div class=\"wp-block-columns is-layout-flex wp-container-core-columns-is-layout-9d6595d7 wp-block-columns-is-layout-flex\">\n<div class=\"wp-block-column is-layout-flow wp-block-column-is-layout-flow\" style=\"flex-basis:33.33%\">\n<figure class=\"wp-block-image size-full\"><img loading=\"lazy\" decoding=\"async\" width=\"250\" height=\"375\" src=\"https:\/\/www.cv-wonsheim.de\/\/wp-content\/uploads\/2023\/08\/im.jpg\" alt=\"\" class=\"wp-image-175\" srcset=\"https:\/\/www.cv-wonsheim.de\/wp-content\/uploads\/2023\/08\/im.jpg 250w, https:\/\/www.cv-wonsheim.de\/wp-content\/uploads\/2023\/08\/im-200x300.jpg 200w\" sizes=\"auto, (max-width: 250px) 100vw, 250px\" \/><\/figure>\n<\/div>\n\n\n\n<div class=\"wp-block-column is-layout-flow wp-block-column-is-layout-flow\" style=\"flex-basis:66.66%\">\n<p>Isabel Weeber<\/p>\n\n\n\n<h6 class=\"wp-block-heading has-small-font-size\" style=\"font-style:normal;font-weight:100\">1. Kassiererin<\/h6>\n<\/div>\n<\/div>\n<\/div>\n\n\n\n<div class=\"wp-block-column is-layout-flow wp-block-column-is-layout-flow\">\n<div class=\"wp-block-columns is-layout-flex wp-container-core-columns-is-layout-9d6595d7 wp-block-columns-is-layout-flex\">\n<div class=\"wp-block-column is-layout-flow wp-block-column-is-layout-flow\" style=\"flex-basis:33.33%\">\n<figure class=\"wp-block-image size-full\"><img loading=\"lazy\" decoding=\"async\" width=\"250\" height=\"375\" src=\"https:\/\/www.cv-wonsheim.de\/\/wp-content\/uploads\/2023\/08\/mr.jpg\" alt=\"\" class=\"wp-image-176\" srcset=\"https:\/\/www.cv-wonsheim.de\/wp-content\/uploads\/2023\/08\/mr.jpg 250w, https:\/\/www.cv-wonsheim.de\/wp-content\/uploads\/2023\/08\/mr-200x300.jpg 200w\" sizes=\"auto, (max-width: 250px) 100vw, 250px\" \/><\/figure>\n<\/div>\n\n\n\n<div class=\"wp-block-column is-layout-flow wp-block-column-is-layout-flow\" style=\"flex-basis:66.66%\">\n<p>Michele Stumpf<\/p>\n\n\n\n<h6 class=\"wp-block-heading has-small-font-size\" style=\"font-style:normal;font-weight:100\">2. Kassiererin<\/h6>\n<\/div>\n<\/div>\n<\/div>\n<\/div>\n\n\n\n<div class=\"wp-block-columns is-layout-flex wp-container-core-columns-is-layout-9d6595d7 wp-block-columns-is-layout-flex\">\n<div class=\"wp-block-column is-layout-flow wp-block-column-is-layout-flow\">\n<div class=\"wp-block-columns is-layout-flex wp-container-core-columns-is-layout-9d6595d7 wp-block-columns-is-layout-flex\">\n<div class=\"wp-block-column is-layout-flow wp-block-column-is-layout-flow\" style=\"flex-basis:33.33%\">\n<figure class=\"wp-block-image size-full\"><img loading=\"lazy\" decoding=\"async\" width=\"251\" height=\"378\" src=\"https:\/\/www.cv-wonsheim.de\/\/wp-content\/uploads\/2023\/08\/ssc.jpg\" alt=\"\" class=\"wp-image-177\" srcset=\"https:\/\/www.cv-wonsheim.de\/wp-content\/uploads\/2023\/08\/ssc.jpg 251w, https:\/\/www.cv-wonsheim.de\/wp-content\/uploads\/2023\/08\/ssc-199x300.jpg 199w\" sizes=\"auto, (max-width: 251px) 100vw, 251px\" \/><\/figure>\n<\/div>\n\n\n\n<div class=\"wp-block-column is-layout-flow wp-block-column-is-layout-flow\" style=\"flex-basis:66.66%\">\n<p>Simon Schulthei\u00df<\/p>\n\n\n\n<h6 class=\"wp-block-heading has-small-font-size\" style=\"font-style:normal;font-weight:100\">Beisitzer<\/h6>\n<\/div>\n<\/div>\n<\/div>\n\n\n\n<div class=\"wp-block-column is-layout-flow wp-block-column-is-layout-flow\">\n<div class=\"wp-block-columns is-layout-flex wp-container-core-columns-is-layout-9d6595d7 wp-block-columns-is-layout-flex\">\n<div class=\"wp-block-column is-layout-flow wp-block-column-is-layout-flow\" style=\"flex-basis:33.33%\">\n<figure class=\"wp-block-image size-large\"><img loading=\"lazy\" decoding=\"async\" width=\"680\" height=\"1024\" src=\"https:\/\/www.cv-wonsheim.de\/\/wp-content\/uploads\/2023\/08\/Jan_Baumann-680x1024.jpeg\" alt=\"\" class=\"wp-image-178\" srcset=\"https:\/\/www.cv-wonsheim.de\/wp-content\/uploads\/2023\/08\/Jan_Baumann-680x1024.jpeg 680w, https:\/\/www.cv-wonsheim.de\/wp-content\/uploads\/2023\/08\/Jan_Baumann-199x300.jpeg 199w, https:\/\/www.cv-wonsheim.de\/wp-content\/uploads\/2023\/08\/Jan_Baumann-768x1157.jpeg 768w, https:\/\/www.cv-wonsheim.de\/wp-content\/uploads\/2023\/08\/Jan_Baumann-676x1018.jpeg 676w, https:\/\/www.cv-wonsheim.de\/wp-content\/uploads\/2023\/08\/Jan_Baumann.jpeg 899w\" sizes=\"auto, (max-width: 680px) 100vw, 680px\" \/><\/figure>\n<\/div>\n\n\n\n<div class=\"wp-block-column is-layout-flow wp-block-column-is-layout-flow\" style=\"flex-basis:66.66%\">\n<p>Jan Baumann<\/p>\n\n\n\n<h6 class=\"wp-block-heading has-small-font-size\" style=\"font-style:normal;font-weight:100\">Beisitzer<\/h6>\n<\/div>\n<\/div>\n<\/div>\n<\/div>\n\n\n\n<div class=\"wp-block-columns is-layout-flex wp-container-core-columns-is-layout-9d6595d7 wp-block-columns-is-layout-flex\">\n<div class=\"wp-block-column is-layout-flow wp-block-column-is-layout-flow\">\n<div class=\"wp-block-columns is-layout-flex wp-container-core-columns-is-layout-9d6595d7 wp-block-columns-is-layout-flex\">\n<div class=\"wp-block-column is-layout-flow wp-block-column-is-layout-flow\" style=\"flex-basis:33.33%\">\n<figure class=\"wp-block-image size-full\"><img loading=\"lazy\" decoding=\"async\" width=\"250\" height=\"375\" src=\"https:\/\/www.cv-wonsheim.de\/\/wp-content\/uploads\/2023\/08\/MM.jpg\" alt=\"\" class=\"wp-image-179\" srcset=\"https:\/\/www.cv-wonsheim.de\/wp-content\/uploads\/2023\/08\/MM.jpg 250w, https:\/\/www.cv-wonsheim.de\/wp-content\/uploads\/2023\/08\/MM-200x300.jpg 200w\" sizes=\"auto, (max-width: 250px) 100vw, 250px\" \/><\/figure>\n<\/div>\n\n\n\n<div class=\"wp-block-column is-layout-flow wp-block-column-is-layout-flow\" style=\"flex-basis:66.66%\">\n<p>Marvin Matheis<\/p>\n\n\n\n<h6 class=\"wp-block-heading has-small-font-size\" style=\"font-style:normal;font-weight:100\">Beisitzer<\/h6>\n<\/div>\n<\/div>\n<\/div>\n\n\n\n<div class=\"wp-block-column is-layout-flow wp-block-column-is-layout-flow\">\n<div class=\"wp-block-columns is-layout-flex wp-container-core-columns-is-layout-9d6595d7 wp-block-columns-is-layout-flex\">\n<div class=\"wp-block-column is-layout-flow wp-block-column-is-layout-flow\" style=\"flex-basis:33.33%\">\n<figure class=\"wp-block-image size-full\"><img loading=\"lazy\" decoding=\"async\" width=\"250\" height=\"375\" src=\"https:\/\/www.cv-wonsheim.de\/\/wp-content\/uploads\/2023\/08\/KK.jpg\" alt=\"\" class=\"wp-image-180\" srcset=\"https:\/\/www.cv-wonsheim.de\/wp-content\/uploads\/2023\/08\/KK.jpg 250w, https:\/\/www.cv-wonsheim.de\/wp-content\/uploads\/2023\/08\/KK-200x300.jpg 200w\" sizes=\"auto, (max-width: 250px) 100vw, 250px\" \/><\/figure>\n<\/div>\n\n\n\n<div class=\"wp-block-column is-layout-flow wp-block-column-is-layout-flow\" style=\"flex-basis:66.66%\">\n<p>Kristian Kratzmeier<\/p>\n\n\n\n<h6 class=\"wp-block-heading has-small-font-size\" style=\"font-style:normal;font-weight:100\">Beisitzer<\/h6>\n<\/div>\n<\/div>\n<\/div>\n<\/div>\n\n\n\n<div class=\"wp-block-columns is-layout-flex wp-container-core-columns-is-layout-9d6595d7 wp-block-columns-is-layout-flex\">\n<div class=\"wp-block-column is-layout-flow wp-block-column-is-layout-flow\">\n<div class=\"wp-block-columns is-layout-flex wp-container-core-columns-is-layout-9d6595d7 wp-block-columns-is-layout-flex\">\n<div class=\"wp-block-column is-layout-flow wp-block-column-is-layout-flow\" style=\"flex-basis:33.33%\">\n<figure class=\"wp-block-image size-large\"><img loading=\"lazy\" decoding=\"async\" width=\"681\" height=\"1024\" src=\"https:\/\/www.cv-wonsheim.de\/\/wp-content\/uploads\/2023\/08\/Johannes_Weeber_01-681x1024.jpeg\" alt=\"\" class=\"wp-image-181\" srcset=\"https:\/\/www.cv-wonsheim.de\/wp-content\/uploads\/2023\/08\/Johannes_Weeber_01-681x1024.jpeg 681w, https:\/\/www.cv-wonsheim.de\/wp-content\/uploads\/2023\/08\/Johannes_Weeber_01-200x300.jpeg 200w, https:\/\/www.cv-wonsheim.de\/wp-content\/uploads\/2023\/08\/Johannes_Weeber_01-768x1155.jpeg 768w, https:\/\/www.cv-wonsheim.de\/wp-content\/uploads\/2023\/08\/Johannes_Weeber_01-676x1016.jpeg 676w, https:\/\/www.cv-wonsheim.de\/wp-content\/uploads\/2023\/08\/Johannes_Weeber_01.jpeg 878w\" sizes=\"auto, (max-width: 681px) 100vw, 681px\" \/><\/figure>\n<\/div>\n\n\n\n<div class=\"wp-block-column is-layout-flow wp-block-column-is-layout-flow\" style=\"flex-basis:66.66%\">\n<p>Johannes Weeber<\/p>\n\n\n\n<h6 class=\"wp-block-heading has-small-font-size\" style=\"font-style:normal;font-weight:100\">Zeugwart<\/h6>\n<\/div>\n<\/div>\n<\/div>\n\n\n\n<div class=\"wp-block-column is-layout-flow wp-block-column-is-layout-flow\">\n<div class=\"wp-block-columns is-layout-flex wp-container-core-columns-is-layout-9d6595d7 wp-block-columns-is-layout-flex\">\n<div class=\"wp-block-column is-layout-flow wp-block-column-is-layout-flow\" style=\"flex-basis:33.33%\">\n<figure class=\"wp-block-image size-full\"><img loading=\"lazy\" decoding=\"async\" width=\"250\" height=\"375\" src=\"https:\/\/www.cv-wonsheim.de\/\/wp-content\/uploads\/2023\/08\/chef.jpg\" alt=\"\" class=\"wp-image-182\" srcset=\"https:\/\/www.cv-wonsheim.de\/wp-content\/uploads\/2023\/08\/chef.jpg 250w, https:\/\/www.cv-wonsheim.de\/wp-content\/uploads\/2023\/08\/chef-200x300.jpg 200w\" sizes=\"auto, (max-width: 250px) 100vw, 250px\" \/><\/figure>\n<\/div>\n\n\n\n<div class=\"wp-block-column is-layout-flow wp-block-column-is-layout-flow\" style=\"flex-basis:66.66%\">\n<p>Heinfried Stumpf<\/p>\n\n\n\n<h6 class=\"wp-block-heading has-small-font-size\" style=\"font-style:normal;font-weight:100\">Ehrenvorsitzender<\/h6>\n<\/div>\n<\/div>\n<\/div>\n<\/div>\n","protected":false},"excerpt":{"rendered":"<p>Heike Niehues 1. Vorsitzende Karsten Emrich 2. Vorsitzender Judith Klein 1. Schriftf\u00fchrerin Eva-Maria Schweitzer 2. Schriftf\u00fchrerin Isabel Weeber 1. Kassiererin Michele Stumpf 2. Kassiererin Simon Schulthei\u00df Beisitzer Jan Baumann Beisitzer Marvin Matheis Beisitzer Kristian Kratzmeier Beisitzer Johannes Weeber Zeugwart Heinfried Stumpf Ehrenvorsitzender<\/p>\n","protected":false},"author":1,"featured_media":0,"parent":0,"menu_order":0,"comment_status":"closed","ping_status":"closed","template":"","meta":{"footnotes":""},"class_list":["post-27","page","type-page","status-publish","hentry"],"_links":{"self":[{"href":"https:\/\/www.cv-wonsheim.de\/index.php?rest_route=\/wp\/v2\/pages\/27","targetHints":{"allow":["GET"]}}],"collection":[{"href":"https:\/\/www.cv-wonsheim.de\/index.php?rest_route=\/wp\/v2\/pages"}],"about":[{"href":"https:\/\/www.cv-wonsheim.de\/index.php?rest_route=\/wp\/v2\/types\/page"}],"author":[{"embeddable":true,"href":"https:\/\/www.cv-wonsheim.de\/index.php?rest_route=\/wp\/v2\/users\/1"}],"replies":[{"embeddable":true,"href":"https:\/\/www.cv-wonsheim.de\/index.php?rest_route=%2Fwp%2Fv2%2Fcomments&post=27"}],"version-history":[{"count":5,"href":"https:\/\/www.cv-wonsheim.de\/index.php?rest_route=\/wp\/v2\/pages\/27\/revisions"}],"predecessor-version":[{"id":291,"href":"https:\/\/www.cv-wonsheim.de\/index.php?rest_route=\/wp\/v2\/pages\/27\/revisions\/291"}],"wp:attachment":[{"href":"https:\/\/www.cv-wonsheim.de\/index.php?rest_route=%2Fwp%2Fv2%2Fmedia&parent=27"}],"curies":[{"name":"wp","href":"https:\/\/api.w.org\/{rel}","templated":true}]}}