{"id":19,"date":"2023-09-07T11:30:38","date_gmt":"2023-09-07T09:30:38","guid":{"rendered":"https:\/\/www.cv-wonsheim.de\/\/?page_id=19"},"modified":"2026-01-11T18:44:26","modified_gmt":"2026-01-11T17:44:26","slug":"start","status":"publish","type":"page","link":"https:\/\/www.cv-wonsheim.de\/","title":{"rendered":"Willkommen beim CVW!"},"content":{"rendered":"\n<h2 class=\"wp-block-heading has-text-align-center\">Jetzt Karten sichern!<\/h2>\n\n\n<div class=\"wp-block-image\">\n<figure class=\"aligncenter size-large is-resized\"><a href=\"https:\/\/www.cv-wonsheim.de\/?event=jubilaeums-kappensitzung\"><img loading=\"lazy\" decoding=\"async\" width=\"1749\" height=\"984\" src=\"https:\/\/www.cv-wonsheim.de\/wp-content\/uploads\/2026\/01\/Flyer-Restkarten2-edited.png\" alt=\"\" class=\"wp-image-605\" style=\"aspect-ratio:1.7775034716864682;width:694px;height:auto\" srcset=\"https:\/\/www.cv-wonsheim.de\/wp-content\/uploads\/2026\/01\/Flyer-Restkarten2-edited.png 1749w, https:\/\/www.cv-wonsheim.de\/wp-content\/uploads\/2026\/01\/Flyer-Restkarten2-edited-300x169.png 300w, https:\/\/www.cv-wonsheim.de\/wp-content\/uploads\/2026\/01\/Flyer-Restkarten2-edited-1024x576.png 1024w, https:\/\/www.cv-wonsheim.de\/wp-content\/uploads\/2026\/01\/Flyer-Restkarten2-edited-768x432.png 768w, https:\/\/www.cv-wonsheim.de\/wp-content\/uploads\/2026\/01\/Flyer-Restkarten2-edited-1536x864.png 1536w\" sizes=\"auto, (max-width: 1749px) 100vw, 1749px\" \/><\/a><\/figure>\n<\/div>\n\n\n<div class=\"wp-block-buttons is-content-justification-center is-layout-flex wp-container-core-buttons-is-layout-16018d1d wp-block-buttons-is-layout-flex\">\n<div class=\"wp-block-button\"><a class=\"wp-block-button__link wp-element-button\" href=\"https:\/\/www.cv-wonsheim.de\/?event=jubilaeums-kappensitzung\">Karten kaufen<\/a><\/div>\n<\/div>\n\n\n\n<hr class=\"wp-block-separator has-alpha-channel-opacity\"\/>\n\n\n\n<p>Wir w\u00fcnschen Ihnen viel Spa\u00df beim durchst\u00f6bern unserer Internetpr\u00e4sentation. Wir m\u00f6chten Sie auf unserer Seite \u00fcber das aktuelle Vereinsleben informieren und Ihnen einen R\u00fcckblick auf die letzten Jahre geben.&nbsp;<\/p>\n\n\n\n<p>Sie k\u00f6nnen davon ausgehen, dass auf dieser Internetseite in regelm\u00e4\u00dfigen Abst\u00e4nden neue Geschichten aus dem fr\u00fcheren und dem aktuellen Vereinsleben zu finden sind.<\/p>\n\n\n\n<p>Doch nun viel Spa\u00df und ein dreifach donnerndes<\/p>\n\n\n\n<h2 class=\"wp-block-heading has-vivid-red-color has-text-color has-large-font-size\">Wonsem Helau<\/h2>\n\n\n\n<p>Ihr Carnevalverein 1914 Wonsheim e.V.<\/p>\n\n\n\n<p><\/p>\n","protected":false},"excerpt":{"rendered":"<p>Jetzt Karten sichern! Wir w\u00fcnschen Ihnen viel Spa\u00df beim durchst\u00f6bern unserer Internetpr\u00e4sentation. Wir m\u00f6chten Sie auf unserer Seite \u00fcber das aktuelle Vereinsleben informieren und Ihnen einen R\u00fcckblick auf die letzten Jahre geben.&nbsp; Sie k\u00f6nnen davon ausgehen, dass auf dieser Internetseite in regelm\u00e4\u00dfigen Abst\u00e4nden neue Geschichten aus dem fr\u00fcheren und dem aktuellen Vereinsleben zu finden sind. &hellip;<\/p>\n","protected":false},"author":1,"featured_media":0,"parent":0,"menu_order":0,"comment_status":"closed","ping_status":"closed","template":"","meta":{"footnotes":""},"class_list":["post-19","page","type-page","status-publish","hentry"],"_links":{"self":[{"href":"https:\/\/www.cv-wonsheim.de\/index.php?rest_route=\/wp\/v2\/pages\/19","targetHints":{"allow":["GET"]}}],"collection":[{"href":"https:\/\/www.cv-wonsheim.de\/index.php?rest_route=\/wp\/v2\/pages"}],"about":[{"href":"https:\/\/www.cv-wonsheim.de\/index.php?rest_route=\/wp\/v2\/types\/page"}],"author":[{"embeddable":true,"href":"https:\/\/www.cv-wonsheim.de\/index.php?rest_route=\/wp\/v2\/users\/1"}],"replies":[{"embeddable":true,"href":"https:\/\/www.cv-wonsheim.de\/index.php?rest_route=%2Fwp%2Fv2%2Fcomments&post=19"}],"version-history":[{"count":25,"href":"https:\/\/www.cv-wonsheim.de\/index.php?rest_route=\/wp\/v2\/pages\/19\/revisions"}],"predecessor-version":[{"id":618,"href":"https:\/\/www.cv-wonsheim.de\/index.php?rest_route=\/wp\/v2\/pages\/19\/revisions\/618"}],"wp:attachment":[{"href":"https:\/\/www.cv-wonsheim.de\/index.php?rest_route=%2Fwp%2Fv2%2Fmedia&parent=19"}],"curies":[{"name":"wp","href":"https:\/\/api.w.org\/{rel}","templated":true}]}}